{"id":2,"date":"2016-04-24T08:15:53","date_gmt":"2016-04-24T08:15:53","guid":{"rendered":"http:\/\/goexplorecroatia.com\/?page_id=2"},"modified":"2025-01-16T18:55:36","modified_gmt":"2025-01-16T18:55:36","slug":"go-explore-croatia-homepage","status":"publish","type":"page","link":"https:\/\/goexplorecroatia.com\/hr\/","title":{"rendered":"GO EXPLORE CROATIA HOMEPAGE"},"content":{"rendered":"<p><div class=\"fusion-fullwidth fullwidth-box fusion-builder-row-1 fusion-flex-container has-pattern-background has-mask-background fusion-parallax-none hundred-percent-fullwidth non-hundred-percent-height-scrolling\" style=\"--awb-border-sizes-top:0px;--awb-border-sizes-bottom:0px;--awb-border-sizes-left:0px;--awb-border-sizes-right:0px;--awb-border-radius-top-left:0px;--awb-border-radius-top-right:0px;--awb-border-radius-bottom-right:0px;--awb-border-radius-bottom-left:0px;--awb-padding-top:350px;--awb-padding-right:20%;--awb-padding-bottom:30px;--awb-padding-left:20%;--awb-min-height:70vh;--awb-background-color:#ffffff;--awb-background-image:url(&quot;https:\/\/goexplorecroatia.com\/hr\/wp-content\/uploads\/2025\/01\/planinarski-izleti-3.webp&quot;);--awb-background-image-small:url(&#039;https:\/\/goexplorecroatia.com\/hr\/wp-content\/uploads\/2025\/01\/planinarski-izleti-3-1-e1736614073458.webp&#039;);--awb-background-size:cover;--awb-flex-wrap:wrap;\" data-preload-img=\"https:\/\/goexplorecroatia.com\/hr\/wp-content\/uploads\/2025\/01\/planinarski-izleti-3.webp\" ><div class=\"fusion-builder-row fusion-row fusion-flex-align-items-flex-start fusion-flex-content-wrap\" style=\"width:104% !important;max-width:104% !important;margin-left: calc(-4% \/ 2 );margin-right: calc(-4% \/ 2 );\"><\/div><\/div><div id=\"multiday\" class=\"fusion-container-anchor\"><div class=\"fusion-fullwidth fullwidth-box fusion-builder-row-2 hundred-percent-fullwidth non-hundred-percent-height-scrolling\" style=\"--awb-background-position:left top;--awb-border-sizes-top:0px;--awb-border-sizes-bottom:0px;--awb-border-sizes-left:0px;--awb-border-sizes-right:0px;--awb-border-radius-top-left:0px;--awb-border-radius-top-right:0px;--awb-border-radius-bottom-right:0px;--awb-border-radius-bottom-left:0px;--awb-padding-top:0px;--awb-padding-right:0px;--awb-padding-bottom:0px;--awb-padding-left:0px;--awb-background-color:#ffffff;--awb-flex-wrap:wrap;\" ><div class=\"fusion-builder-row fusion-row\"><div class=\"fusion-layout-column fusion_builder_column fusion-builder-column-0 fusion_builder_column_1_1 1_1 fusion-one-full fusion-column-first fusion-column-last fusion-column-no-min-height\" style=\"--awb-padding-top:20px;--awb-padding-right:20px;--awb-padding-bottom:20px;--awb-padding-left:20px;--awb-bg-size:cover;--awb-margin-bottom:0px;\" data-scroll-devices=\"small-visibility,medium-visibility,large-visibility\"><div class=\"fusion-column-wrapper fusion-column-has-shadow fusion-flex-column-wrapper-legacy\"><div class=\"fusion-title title fusion-title-1 fusion-title-center fusion-title-text fusion-title-size-one\" style=\"--awb-margin-top:40px;--awb-margin-right:20px;--awb-margin-bottom:45px;--awb-margin-left:20px;--awb-sep-color:rgba(96,125,139,0.43);\"><div class=\"title-sep-container title-sep-container-left\"><div class=\"title-sep sep-single sep-solid\" style=\"border-color:rgba(96,125,139,0.43);\"><\/div><\/div><span class=\"awb-title-spacer\"><\/span><h1 class=\"fusion-title-heading title-heading-center\" style=\"margin:0;\">PUSTOLOVNA PUTOVANJA U HRVATSKOJ<\/h1><span class=\"awb-title-spacer\"><\/span><div class=\"title-sep-container title-sep-container-right\"><div class=\"title-sep sep-single sep-solid\" style=\"border-color:rgba(96,125,139,0.43);\"><\/div><\/div><\/div><div class=\"fusion-clearfix\"><\/div><\/div><\/div><\/div><\/div><\/div><div class=\"fusion-fullwidth fullwidth-box fusion-builder-row-3 hundred-percent-fullwidth non-hundred-percent-height-scrolling\" style=\"--awb-background-position:left top;--awb-border-sizes-top:0px;--awb-border-sizes-bottom:0px;--awb-border-sizes-left:0px;--awb-border-sizes-right:0px;--awb-border-radius-top-left:0px;--awb-border-radius-top-right:0px;--awb-border-radius-bottom-right:0px;--awb-border-radius-bottom-left:0px;--awb-padding-top:0px;--awb-padding-right:11%;--awb-padding-bottom:0px;--awb-padding-left:11%;--awb-background-color:#ffffff;--awb-flex-wrap:wrap;\" ><div class=\"fusion-builder-row fusion-row\"><div class=\"fusion-layout-column fusion_builder_column fusion-builder-column-1 fusion_builder_column_1_1 1_1 fusion-one-full fusion-column-first fusion-column-last fusion-column-no-min-height\" style=\"--awb-bg-size:cover;--awb-margin-bottom:0px;\"><div class=\"fusion-column-wrapper fusion-flex-column-wrapper-legacy\"><div class=\"fusion-title title fusion-title-2 fusion-sep-none fusion-title-center fusion-title-text fusion-title-size-six\" style=\"--awb-text-color:#000000;--awb-margin-bottom:40px;--awb-sep-color:#0142ac;\"><h6 class=\"fusion-title-heading title-heading-center\" style=\"margin:0;\"><p>Pridru\u017eite nam se izvan utabanih turisti\u010dkih ruta na jednom od na\u0161ih jednodnevnih izleta ili vi\u0161ednevnih paket aran\u017emana planinarenja, bicikliranja, kajaka, raftinga i drugih pustolovnih aktivnosti. Na\u0161a putovanja su dobro balansirana kombinacija aktivnosti, prirode i kulture u nacionalnim parkovima, na netaknutim rijekama, izoliranim otocima i jo\u0161 neistra\u017eenim krajevima Hrvatske.<\/p>\n<p>Obe\u0107ajemo vam nezaboravnu avanturu!<\/p><\/h6><\/div><div class=\"fusion-clearfix\"><\/div><\/div><\/div><\/div><\/div><div id=\"about\" class=\"fusion-container-anchor\"><div class=\"fusion-fullwidth fullwidth-box fusion-builder-row-4 hundred-percent-fullwidth non-hundred-percent-height-scrolling\" style=\"--awb-background-position:left top;--awb-border-sizes-top:0px;--awb-border-sizes-bottom:0px;--awb-border-sizes-left:0px;--awb-border-sizes-right:0px;--awb-border-radius-top-left:0px;--awb-border-radius-top-right:0px;--awb-border-radius-bottom-right:0px;--awb-border-radius-bottom-left:0px;--awb-padding-top:20px;--awb-padding-right:0px;--awb-padding-bottom:0px;--awb-padding-left:0px;--awb-flex-wrap:wrap;\" ><div class=\"fusion-builder-row fusion-row\"><div class=\"fusion-layout-column fusion_builder_column fusion-builder-column-2 fusion_builder_column_1_1 1_1 fusion-one-full fusion-column-first fusion-column-last fusion-column-no-min-height\" style=\"--awb-padding-bottom:40px;--awb-bg-size:cover;--awb-margin-bottom:0px;\"><div class=\"fusion-column-wrapper fusion-flex-column-wrapper-legacy\"><div class=\"fusion-title title fusion-title-3 fusion-title-center fusion-title-text fusion-title-size-three\" style=\"--awb-margin-top:40px;--awb-margin-bottom:10px;--awb-sep-color:rgba(96,125,139,0.43);\"><div class=\"title-sep-container title-sep-container-left\"><div class=\"title-sep sep-single sep-solid\" style=\"border-color:rgba(96,125,139,0.43);\"><\/div><\/div><span class=\"awb-title-spacer\"><\/span><h3 class=\"fusion-title-heading title-heading-center\" style=\"margin:0;\">OCJENE GOSTIJU<\/h3><span class=\"awb-title-spacer\"><\/span><div class=\"title-sep-container title-sep-container-right\"><div class=\"title-sep sep-single sep-solid\" style=\"border-color:rgba(96,125,139,0.43);\"><\/div><\/div><\/div><div class=\"fusion-clearfix\"><\/div><\/div><\/div><\/div><\/div><\/div><div class=\"fusion-fullwidth fullwidth-box fusion-builder-row-5 nonhundred-percent-fullwidth non-hundred-percent-height-scrolling\" style=\"--awb-background-position:left top;--awb-border-sizes-top:0px;--awb-border-sizes-bottom:0px;--awb-border-sizes-left:0px;--awb-border-sizes-right:0px;--awb-border-radius-top-left:0px;--awb-border-radius-top-right:0px;--awb-border-radius-bottom-right:0px;--awb-border-radius-bottom-left:0px;--awb-padding-top:0px;--awb-padding-bottom:20px;--awb-margin-top:0px;--awb-flex-wrap:wrap;\" ><div class=\"fusion-builder-row fusion-row\"><div class=\"fusion-layout-column fusion_builder_column fusion-builder-column-3 fusion_builder_column_1_3 1_3 fusion-one-third fusion-column-first\" style=\"--awb-bg-position:right center;--awb-bg-size:cover;--awb-margin-top:40px;width:30.6666%; margin-right: 4%;\"><div class=\"fusion-column-wrapper fusion-column-has-shadow fusion-flex-column-wrapper-legacy\"><div class=\"fusion-column-content-centered\"><div class=\"fusion-column-content\"><\/div><\/div><div class=\"fusion-clearfix\"><\/div><\/div><\/div><div class=\"fusion-layout-column fusion_builder_column fusion-builder-column-4 fusion_builder_column_1_3 1_3 fusion-one-third\" style=\"--awb-bg-position:right center;--awb-bg-size:cover;--awb-margin-bottom:0px;width:30.6666%; margin-right: 4%;\"><div class=\"fusion-column-wrapper fusion-column-has-shadow fusion-flex-column-wrapper-legacy\"><div class=\"fusion-column-content-centered\"><div class=\"fusion-column-content\"><div id=\"TA_cdsratingsonlynarrow999\" class=\"TA_cdsratingsonlynarrow\"><ul id=\"u9R4Unn8\" class=\"TA_links bOYwGLdGy7EY\"><li id=\"DJ4AygGDdVQL\" class=\"Px01oJ3Dhtd\"><a target=\"_blank\" href=\"https:\/\/www.tripadvisor.com\/\"><img decoding=\"async\" src=\"https:\/\/www.tripadvisor.com\/img\/cdsi\/img2\/branding\/tripadvisor_logo_transp_340x80-18034-2.png\" alt=\"TripAdvisor\"\/><\/a><\/li><\/ul><\/div><script src=\"https:\/\/www.jscache.com\/wejs?wtype=cdsratingsonlynarrow&uniq=999&locationId=10387580&lang=en_US&border=true&display_version=2\"><\/script><\/div><\/div><div class=\"fusion-clearfix\"><\/div><\/div><\/div><div class=\"fusion-layout-column fusion_builder_column fusion-builder-column-5 fusion_builder_column_1_3 1_3 fusion-one-third fusion-column-last\" style=\"--awb-bg-position:right center;--awb-bg-size:cover;--awb-margin-top:40px;width:30.6666%;\"><div class=\"fusion-column-wrapper fusion-column-has-shadow fusion-flex-column-wrapper-legacy\"><div class=\"fusion-column-content-centered\"><div class=\"fusion-column-content\"><\/div><\/div><div class=\"fusion-clearfix\"><\/div><\/div><\/div><div class=\"fusion-layout-column fusion_builder_column fusion-builder-column-6 fusion_builder_column_1_3 1_3 fusion-one-third fusion-column-first\" style=\"--awb-bg-position:right center;--awb-bg-size:cover;width:30.6666%; margin-right: 4%;\"><div class=\"fusion-column-wrapper fusion-flex-column-wrapper-legacy\"><div class=\"fusion-text fusion-text-1\"><p><strong><em><span class=\"noQuotes\">Go Explore great once again!<\/span><\/em><\/strong><\/p>\n<p><em>Our guides were amazing! Before we went to the river, we got coffee and a beautiful scenery. Our guides had all the equipment and we drove to the river. Excellent safety talk and then we go! First waterfall right away. It was so fun. Our guide was so nice to my daughter (8) and make sure she was safe. She loved it! The river is so beautiful and clear. We were a small group and we had all the time in the world. I would recommend this to everyone.<\/em><\/p>\n<p><a href=\"https:\/\/www.tripadvisor.com\/Attraction_Review-g294454-d10387580-Reviews-Go_Explore-Zagreb_Central_Croatia.html\"><strong><span style=\"color: #99cc00;\">Read more&#8230;<\/span><\/strong><\/a><\/p>\n<\/div><div class=\"fusion-clearfix\"><\/div><\/div><\/div><div class=\"fusion-layout-column fusion_builder_column fusion-builder-column-7 fusion_builder_column_1_3 1_3 fusion-one-third\" style=\"--awb-bg-size:cover;width:30.6666%; margin-right: 4%;\"><div class=\"fusion-column-wrapper fusion-flex-column-wrapper-legacy\"><div class=\"fusion-text fusion-text-2\"><p><strong><i>Risnjak Hiking Trip<\/i><\/strong><\/p>\n<p><em>This was our first visit to amazing Risnjak, but for sure not last! Our guide Davor was outstanding &#8211; professional, friendly and passionate. We highly recommend this adventure travel agency and can&#8217;t wait for next trip!<\/em><\/p>\n<p><a href=\"https:\/\/www.tripadvisor.com\/Attraction_Review-g294454-d10387580-Reviews-Go_Explore-Zagreb_Central_Croatia.html\"><strong><span style=\"color: #99cc00;\">Read more&#8230;<\/span><\/strong><\/a><\/p>\n<\/div><div class=\"fusion-clearfix\"><\/div><\/div><\/div><div class=\"fusion-layout-column fusion_builder_column fusion-builder-column-8 fusion_builder_column_1_3 1_3 fusion-one-third fusion-column-last\" style=\"--awb-bg-size:cover;width:30.6666%;\"><div class=\"fusion-column-wrapper fusion-flex-column-wrapper-legacy\"><div class=\"fusion-text fusion-text-3\"><p><strong><em>Excellent guiding and memorable trip<\/em><\/strong><\/p>\n<p><em>We went on a one-day hiking trip to Zrmanja and Krupa river canyon. Our guides were very pleasant and accommodating. The trip was well-organised and, owing to us being a very small group, it was fitted to everyone&#8217;s needs (despite unforeseen circumstances). I would definitely recommend the Go Explore Croatia team.<\/em><\/p>\n<p><a href=\"https:\/\/www.tripadvisor.com\/Attraction_Review-g294454-d10387580-Reviews-Go_Explore-Zagreb_Central_Croatia.html\"><span style=\"color: #99cc00;\"><strong>Read more&#8230;<\/strong><\/span><\/a><\/p>\n<\/div><div class=\"fusion-clearfix\"><\/div><\/div><\/div><\/div><\/div><div id=\"about\" class=\"fusion-container-anchor\"><div class=\"fusion-fullwidth fullwidth-box fusion-builder-row-6 hundred-percent-fullwidth non-hundred-percent-height-scrolling\" style=\"--awb-background-position:left top;--awb-border-sizes-top:0px;--awb-border-sizes-bottom:0px;--awb-border-sizes-left:0px;--awb-border-sizes-right:0px;--awb-border-radius-top-left:0px;--awb-border-radius-top-right:0px;--awb-border-radius-bottom-right:0px;--awb-border-radius-bottom-left:0px;--awb-padding-top:20px;--awb-padding-right:0px;--awb-padding-bottom:0px;--awb-padding-left:0px;--awb-flex-wrap:wrap;\" ><div class=\"fusion-builder-row fusion-row\"><div class=\"fusion-layout-column fusion_builder_column fusion-builder-column-9 fusion_builder_column_1_1 1_1 fusion-one-full fusion-column-first fusion-column-last fusion-column-no-min-height\" style=\"--awb-padding-bottom:40px;--awb-bg-size:cover;--awb-margin-bottom:0px;\"><div class=\"fusion-column-wrapper fusion-flex-column-wrapper-legacy\"><div class=\"fusion-title title fusion-title-4 fusion-title-center fusion-title-text fusion-title-size-three\" style=\"--awb-margin-top:40px;--awb-margin-bottom:10px;--awb-sep-color:rgba(96,125,139,0.43);\"><div class=\"title-sep-container title-sep-container-left\"><div class=\"title-sep sep-single sep-solid\" style=\"border-color:rgba(96,125,139,0.43);\"><\/div><\/div><span class=\"awb-title-spacer\"><\/span><h3 class=\"fusion-title-heading title-heading-center\" style=\"margin:0;\">REFERENCE<\/h3><span class=\"awb-title-spacer\"><\/span><div class=\"title-sep-container title-sep-container-right\"><div class=\"title-sep sep-single sep-solid\" style=\"border-color:rgba(96,125,139,0.43);\"><\/div><\/div><\/div><div class=\"fusion-clearfix\"><\/div><\/div><\/div><\/div><\/div><\/div><div class=\"fusion-fullwidth fullwidth-box fusion-builder-row-7 nonhundred-percent-fullwidth non-hundred-percent-height-scrolling\" style=\"--awb-background-position:left top;--awb-border-sizes-top:0px;--awb-border-sizes-bottom:0px;--awb-border-sizes-left:0px;--awb-border-sizes-right:0px;--awb-border-radius-top-left:0px;--awb-border-radius-top-right:0px;--awb-border-radius-bottom-right:0px;--awb-border-radius-bottom-left:0px;--awb-padding-top:0px;--awb-padding-bottom:20px;--awb-flex-wrap:wrap;\" ><div class=\"fusion-builder-row fusion-row\"><div class=\"fusion-layout-column fusion_builder_column fusion-builder-column-10 fusion_builder_column_1_1 1_1 fusion-one-full fusion-column-first fusion-column-last\" style=\"--awb-bg-size:cover;\"><div class=\"fusion-column-wrapper fusion-column-has-shadow fusion-flex-column-wrapper-legacy\"><div class=\"fusion-text fusion-text-4\"><p style=\"text-align: center;\">Go Explore Croatia je registrirana putni\u010dka agencija specijalizirana za pustolovni turizam i \u010dlan projekta Safe stay in Croatia, <a href=\"http:\/\/www.safestayincroatia.hr\">www.safestayincroatia.hr<\/a>:<\/p>\n<\/div><div class=\"fusion-image-element fusion-image-align-center in-legacy-container\" style=\"text-align:center;--awb-max-width:70%;--awb-caption-title-font-family:var(--h2_typography-font-family);--awb-caption-title-font-weight:var(--h2_typography-font-weight);--awb-caption-title-font-style:var(--h2_typography-font-style);--awb-caption-title-size:var(--h2_typography-font-size);--awb-caption-title-transform:var(--h2_typography-text-transform);--awb-caption-title-line-height:var(--h2_typography-line-height);--awb-caption-title-letter-spacing:var(--h2_typography-letter-spacing);\"><div class=\"imageframe-align-center\"><span class=\" fusion-imageframe imageframe-none imageframe-1 hover-type-none\"><img decoding=\"async\" width=\"2339\" height=\"1024\" title=\"jpg Safe stay in Croatia\" src=\"https:\/\/goexplorecroatia.com\/hr\/wp-content\/uploads\/2021\/03\/jpg-Safe-stay-in-Croatia.jpg\" alt class=\"img-responsive wp-image-3587\" srcset=\"https:\/\/goexplorecroatia.com\/hr\/wp-content\/uploads\/2021\/03\/jpg-Safe-stay-in-Croatia-200x88.jpg 200w, https:\/\/goexplorecroatia.com\/hr\/wp-content\/uploads\/2021\/03\/jpg-Safe-stay-in-Croatia-400x175.jpg 400w, https:\/\/goexplorecroatia.com\/hr\/wp-content\/uploads\/2021\/03\/jpg-Safe-stay-in-Croatia-600x263.jpg 600w, https:\/\/goexplorecroatia.com\/hr\/wp-content\/uploads\/2021\/03\/jpg-Safe-stay-in-Croatia-800x350.jpg 800w, https:\/\/goexplorecroatia.com\/hr\/wp-content\/uploads\/2021\/03\/jpg-Safe-stay-in-Croatia-1200x525.jpg 1200w, https:\/\/goexplorecroatia.com\/hr\/wp-content\/uploads\/2021\/03\/jpg-Safe-stay-in-Croatia.jpg 2339w\" sizes=\"(max-width: 900px) 100vw, 1200px\" \/><\/span><\/div><\/div><div class=\"fusion-clearfix\"><\/div><\/div><\/div><\/div><\/div><\/p>\n<!-- AddThis Advanced Settings generic via filter on the_content --><!-- AddThis Share Buttons generic via filter on the_content -->","protected":false},"excerpt":{"rendered":"<p><!-- AddThis Advanced Settings generic via filter on get_the_excerpt --><!-- AddThis Share Buttons generic via filter on get_the_excerpt --><\/p>\n","protected":false},"author":1,"featured_media":0,"parent":0,"menu_order":0,"comment_status":"open","ping_status":"open","template":"100-width.php","meta":{"footnotes":""},"class_list":["post-2","page","type-page","status-publish","hentry"],"yoast_head":"<!-- This site is optimized with the Yoast SEO plugin v26.8 - https:\/\/yoast.com\/product\/yoast-seo-wordpress\/ -->\n<title>PUSTOLOVNA PUTOVANJA U HRVATSKOJ | Go Explore Croatia<\/title>\n<meta name=\"description\" content=\"Go Explore Croatia je putni\u010dka agencija specijalizirana za jednodnevne izlete i vi\u0161ednevne paket aran\u017emane planinarenja, bicikliranja, kajaka, raftinga i drugih.\" \/>\n<meta name=\"robots\" content=\"index, follow, max-snippet:-1, max-image-preview:large, max-video-preview:-1\" \/>\n<link rel=\"canonical\" href=\"https:\/\/goexplorecroatia.com\/hr\/\" \/>\n<meta property=\"og:locale\" content=\"en_US\" \/>\n<meta property=\"og:type\" content=\"article\" \/>\n<meta property=\"og:title\" content=\"PUSTOLOVNA PUTOVANJA U HRVATSKOJ | Go Explore Croatia\" \/>\n<meta property=\"og:description\" content=\"Go Explore Croatia je putni\u010dka agencija specijalizirana za jednodnevne izlete i vi\u0161ednevne paket aran\u017emane planinarenja, bicikliranja, kajaka, raftinga i drugih.\" \/>\n<meta property=\"og:url\" content=\"https:\/\/goexplorecroatia.com\/hr\/\" \/>\n<meta property=\"og:site_name\" content=\"Go Explore Croatia\" \/>\n<meta property=\"article:publisher\" content=\"https:\/\/www.facebook.com\/GoExploreCroatia\/\" \/>\n<meta property=\"article:modified_time\" content=\"2025-01-16T18:55:36+00:00\" \/>\n<meta name=\"twitter:card\" content=\"summary_large_image\" \/>\n<meta name=\"twitter:site\" content=\"@GoExploreCRO\" \/>\n<meta name=\"twitter:label1\" content=\"Est. reading time\" \/>\n\t<meta name=\"twitter:data1\" content=\"2 minutes\" \/>\n<script type=\"application\/ld+json\" class=\"yoast-schema-graph\">{\"@context\":\"https:\/\/schema.org\",\"@graph\":[{\"@type\":\"WebPage\",\"@id\":\"https:\/\/goexplorecroatia.com\/hr\/\",\"url\":\"https:\/\/goexplorecroatia.com\/hr\/\",\"name\":\"PUSTOLOVNA PUTOVANJA U HRVATSKOJ | Go Explore Croatia\",\"isPartOf\":{\"@id\":\"https:\/\/goexplorecroatia.com\/hr\/#website\"},\"datePublished\":\"2016-04-24T08:15:53+00:00\",\"dateModified\":\"2025-01-16T18:55:36+00:00\",\"description\":\"Go Explore Croatia je putni\u010dka agencija specijalizirana za jednodnevne izlete i vi\u0161ednevne paket aran\u017emane planinarenja, bicikliranja, kajaka, raftinga i drugih.\",\"breadcrumb\":{\"@id\":\"https:\/\/goexplorecroatia.com\/hr\/#breadcrumb\"},\"inLanguage\":\"en-US\",\"potentialAction\":[{\"@type\":\"ReadAction\",\"target\":[\"https:\/\/goexplorecroatia.com\/hr\/\"]}]},{\"@type\":\"BreadcrumbList\",\"@id\":\"https:\/\/goexplorecroatia.com\/hr\/#breadcrumb\",\"itemListElement\":[{\"@type\":\"ListItem\",\"position\":1,\"name\":\"Home\",\"item\":\"https:\/\/goexplorecroatia.com\/hr\/\"},{\"@type\":\"ListItem\",\"position\":2,\"name\":\"GO EXPLORE CROATIA HOMEPAGE\"}]},{\"@type\":\"WebSite\",\"@id\":\"https:\/\/goexplorecroatia.com\/hr\/#website\",\"url\":\"https:\/\/goexplorecroatia.com\/hr\/\",\"name\":\"Go Explore Croatia\",\"description\":\"CROATIA ADVENTURE HOLIDAYS\",\"publisher\":{\"@id\":\"https:\/\/goexplorecroatia.com\/hr\/#organization\"},\"potentialAction\":[{\"@type\":\"SearchAction\",\"target\":{\"@type\":\"EntryPoint\",\"urlTemplate\":\"https:\/\/goexplorecroatia.com\/hr\/?s={search_term_string}\"},\"query-input\":{\"@type\":\"PropertyValueSpecification\",\"valueRequired\":true,\"valueName\":\"search_term_string\"}}],\"inLanguage\":\"en-US\"},{\"@type\":\"Organization\",\"@id\":\"https:\/\/goexplorecroatia.com\/hr\/#organization\",\"name\":\"Go Explore Croatia\",\"url\":\"https:\/\/goexplorecroatia.com\/hr\/\",\"logo\":{\"@type\":\"ImageObject\",\"inLanguage\":\"en-US\",\"@id\":\"https:\/\/goexplorecroatia.com\/hr\/#\/schema\/logo\/image\/\",\"url\":\"https:\/\/goexplorecroatia.com\/hr\/wp-content\/uploads\/2016\/04\/logo2x.png\",\"contentUrl\":\"https:\/\/goexplorecroatia.com\/hr\/wp-content\/uploads\/2016\/04\/logo2x.png\",\"width\":400,\"height\":320,\"caption\":\"Go Explore Croatia\"},\"image\":{\"@id\":\"https:\/\/goexplorecroatia.com\/hr\/#\/schema\/logo\/image\/\"},\"sameAs\":[\"https:\/\/www.facebook.com\/GoExploreCroatia\/\",\"https:\/\/x.com\/GoExploreCRO\",\"https:\/\/www.instagram.com\/goexplorecroatia\/\"]}]}<\/script>\n<!-- \/ Yoast SEO plugin. -->","yoast_head_json":{"title":"PUSTOLOVNA PUTOVANJA U HRVATSKOJ | Go Explore Croatia","description":"Go Explore Croatia je putni\u010dka agencija specijalizirana za jednodnevne izlete i vi\u0161ednevne paket aran\u017emane planinarenja, bicikliranja, kajaka, raftinga i drugih.","robots":{"index":"index","follow":"follow","max-snippet":"max-snippet:-1","max-image-preview":"max-image-preview:large","max-video-preview":"max-video-preview:-1"},"canonical":"https:\/\/goexplorecroatia.com\/hr\/","og_locale":"en_US","og_type":"article","og_title":"PUSTOLOVNA PUTOVANJA U HRVATSKOJ | Go Explore Croatia","og_description":"Go Explore Croatia je putni\u010dka agencija specijalizirana za jednodnevne izlete i vi\u0161ednevne paket aran\u017emane planinarenja, bicikliranja, kajaka, raftinga i drugih.","og_url":"https:\/\/goexplorecroatia.com\/hr\/","og_site_name":"Go Explore Croatia","article_publisher":"https:\/\/www.facebook.com\/GoExploreCroatia\/","article_modified_time":"2025-01-16T18:55:36+00:00","twitter_card":"summary_large_image","twitter_site":"@GoExploreCRO","twitter_misc":{"Est. reading time":"2 minutes"},"schema":{"@context":"https:\/\/schema.org","@graph":[{"@type":"WebPage","@id":"https:\/\/goexplorecroatia.com\/hr\/","url":"https:\/\/goexplorecroatia.com\/hr\/","name":"PUSTOLOVNA PUTOVANJA U HRVATSKOJ | Go Explore Croatia","isPartOf":{"@id":"https:\/\/goexplorecroatia.com\/hr\/#website"},"datePublished":"2016-04-24T08:15:53+00:00","dateModified":"2025-01-16T18:55:36+00:00","description":"Go Explore Croatia je putni\u010dka agencija specijalizirana za jednodnevne izlete i vi\u0161ednevne paket aran\u017emane planinarenja, bicikliranja, kajaka, raftinga i drugih.","breadcrumb":{"@id":"https:\/\/goexplorecroatia.com\/hr\/#breadcrumb"},"inLanguage":"en-US","potentialAction":[{"@type":"ReadAction","target":["https:\/\/goexplorecroatia.com\/hr\/"]}]},{"@type":"BreadcrumbList","@id":"https:\/\/goexplorecroatia.com\/hr\/#breadcrumb","itemListElement":[{"@type":"ListItem","position":1,"name":"Home","item":"https:\/\/goexplorecroatia.com\/hr\/"},{"@type":"ListItem","position":2,"name":"GO EXPLORE CROATIA HOMEPAGE"}]},{"@type":"WebSite","@id":"https:\/\/goexplorecroatia.com\/hr\/#website","url":"https:\/\/goexplorecroatia.com\/hr\/","name":"Go Explore Croatia","description":"CROATIA ADVENTURE HOLIDAYS","publisher":{"@id":"https:\/\/goexplorecroatia.com\/hr\/#organization"},"potentialAction":[{"@type":"SearchAction","target":{"@type":"EntryPoint","urlTemplate":"https:\/\/goexplorecroatia.com\/hr\/?s={search_term_string}"},"query-input":{"@type":"PropertyValueSpecification","valueRequired":true,"valueName":"search_term_string"}}],"inLanguage":"en-US"},{"@type":"Organization","@id":"https:\/\/goexplorecroatia.com\/hr\/#organization","name":"Go Explore Croatia","url":"https:\/\/goexplorecroatia.com\/hr\/","logo":{"@type":"ImageObject","inLanguage":"en-US","@id":"https:\/\/goexplorecroatia.com\/hr\/#\/schema\/logo\/image\/","url":"https:\/\/goexplorecroatia.com\/hr\/wp-content\/uploads\/2016\/04\/logo2x.png","contentUrl":"https:\/\/goexplorecroatia.com\/hr\/wp-content\/uploads\/2016\/04\/logo2x.png","width":400,"height":320,"caption":"Go Explore Croatia"},"image":{"@id":"https:\/\/goexplorecroatia.com\/hr\/#\/schema\/logo\/image\/"},"sameAs":["https:\/\/www.facebook.com\/GoExploreCroatia\/","https:\/\/x.com\/GoExploreCRO","https:\/\/www.instagram.com\/goexplorecroatia\/"]}]}},"_links":{"self":[{"href":"https:\/\/goexplorecroatia.com\/hr\/wp-json\/wp\/v2\/pages\/2","targetHints":{"allow":["GET"]}}],"collection":[{"href":"https:\/\/goexplorecroatia.com\/hr\/wp-json\/wp\/v2\/pages"}],"about":[{"href":"https:\/\/goexplorecroatia.com\/hr\/wp-json\/wp\/v2\/types\/page"}],"author":[{"embeddable":true,"href":"https:\/\/goexplorecroatia.com\/hr\/wp-json\/wp\/v2\/users\/1"}],"replies":[{"embeddable":true,"href":"https:\/\/goexplorecroatia.com\/hr\/wp-json\/wp\/v2\/comments?post=2"}],"version-history":[{"count":1,"href":"https:\/\/goexplorecroatia.com\/hr\/wp-json\/wp\/v2\/pages\/2\/revisions"}],"predecessor-version":[{"id":4659,"href":"https:\/\/goexplorecroatia.com\/hr\/wp-json\/wp\/v2\/pages\/2\/revisions\/4659"}],"wp:attachment":[{"href":"https:\/\/goexplorecroatia.com\/hr\/wp-json\/wp\/v2\/media?parent=2"}],"curies":[{"name":"wp","href":"https:\/\/api.w.org\/{rel}","templated":true}]}}